{"id":2392,"date":"2025-02-23T09:10:42","date_gmt":"2025-02-23T09:10:42","guid":{"rendered":"http:\/\/safebyte.test\/?page_id=2392"},"modified":"2025-02-23T09:10:42","modified_gmt":"2025-02-23T09:10:42","slug":"case-studies-style-1","status":"publish","type":"page","link":"https:\/\/tawfikelkahan.com\/optimizehealthsolutions\/case-studies-style-1\/","title":{"rendered":"Case Studies Style 1."},"content":{"rendered":"\t\t<div data-elementor-type=\"wp-page\" data-elementor-id=\"2392\" class=\"elementor elementor-2392\" data-elementor-post-type=\"page\">\n\t\t\t\t        <section class=\"elementor-section elementor-top-section elementor-element elementor-element-339d403d elementor-section-full_width elementor-section-stretched page-title-section elementor-section-height-default elementor-section-height-default pxl-row-scroll-none pxl-zoom-point-false pxl-section-overflow-visible pxl-section-fix-none pxl-full-content-with-space-none pxl-bg-color-none pxl-section-overlay-none\" data-id=\"339d403d\" data-element_type=\"section\" data-e-type=\"section\" data-settings=\"{&quot;stretch_section&quot;:&quot;section-stretched&quot;,&quot;background_background&quot;:&quot;classic&quot;}\">\n\n                            <div class=\"elementor-background-overlay\"><\/div>\n            \n                <div class=\"elementor-container elementor-column-gap-extended \">\n                <div class=\"elementor-column elementor-col-100 elementor-top-column elementor-element elementor-element-440a5156 pxl-column-none pxl-column-overflow-hidden-no\" data-id=\"440a5156\" data-element_type=\"column\" data-e-type=\"column\">\r\n        <div class=\"elementor-widget-wrap elementor-element-populated\">\r\n                     \r\n        \t\t<div class=\"elementor-element elementor-element-2abe1884 elementor-widget elementor-widget-pxl_heading\" data-id=\"2abe1884\" data-element_type=\"widget\" data-e-type=\"widget\" data-widget_type=\"pxl_heading.default\">\n\t\t\t\t<div class=\"elementor-widget-container\">\n\t\t\t\t\t\r\n<div id=\"pxl-pxl_heading-2abe1884-2569\" class=\"pxl-heading px-sub-title-default-style \">\r\n\t<div class=\"pxl-heading--inner\">\r\n\t\t\r\n\t\t<h3 class=\"pxl-item--title style-default highlight-default \" data-wow-delay=\"ms\">\r\n\r\n\t\t\t<span class=\"pxl-heading--text\">\r\n\r\n\t\t\t\t\t\t\t\t\tCase Studies Style 1.\t\r\n\t\t\t\t\t\r\n\r\n\t\t\t<\/span>\r\n\t\t<\/h3>\r\n\t\t\r\n\t<\/div>\r\n<\/div>\t\t\t\t<\/div>\n\t\t\t\t<\/div>\n\t\t\t\t<div class=\"elementor-element elementor-element-1bc28375 elementor-widget elementor-widget-pxl_text_editor\" data-id=\"1bc28375\" data-element_type=\"widget\" data-e-type=\"widget\" data-widget_type=\"pxl_text_editor.default\">\n\t\t\t\t<div class=\"elementor-widget-container\">\n\t\t\t\t\t<div class=\"pxl-text-editor highlight-gradient\">\r\n\t<div class=\"pxl-item--inner  \" >\r\n\t\t<p>Explore our IT services: innovative solutions, cutting-edge technology, and expert support to transform your business digitally.<\/p>\t\t\r\n\t<\/div>\r\n<\/div>\t\t\t\t<\/div>\n\t\t\t\t<\/div>\n\t\t\t\t<div class=\"elementor-element elementor-element-765937d9 elementor-widget__width-auto elementor-absolute elementor-widget elementor-widget-pxl_circle\" data-id=\"765937d9\" data-element_type=\"widget\" data-e-type=\"widget\" data-settings=\"{&quot;_position&quot;:&quot;absolute&quot;}\" data-widget_type=\"pxl_circle.default\">\n\t\t\t\t<div class=\"elementor-widget-container\">\n\t\t\t\t\t<div class=\"pxl-circle\">\r\n    <div class=\"pxl-circle-1\">\r\n        <div class=\"circle-outer-1\">\r\n            <div class=\"circle-border\"><\/div>\r\n            <div class=\"particles\">\r\n                <span><\/span>\r\n                <span><\/span>\r\n                <span><\/span>\r\n                <span><\/span>\r\n            <\/div>\r\n        <\/div>\r\n    <\/div>\r\n    <div class=\"pxl-circle-2\">\r\n        <div class=\"circle-outer\">\r\n            <div class=\"circle-border\"><\/div>\r\n            <div class=\"particles\">\r\n                <span><\/span>\r\n                <span><\/span>\r\n                <span><\/span>\r\n                <span><\/span>\r\n            <\/div>\r\n        <\/div>\r\n    <\/div>\r\n<\/div>\t\t\t\t<\/div>\n\t\t\t\t<\/div>\n\t\t\t\t<div class=\"elementor-element elementor-element-5d07de99 elementor-widget__width-auto elementor-widget elementor-widget-pxl_breadcrumb\" data-id=\"5d07de99\" data-element_type=\"widget\" data-e-type=\"widget\" data-widget_type=\"pxl_breadcrumb.default\">\n\t\t\t\t<div class=\"elementor-widget-container\">\n\t\t\t\t\t<div class=\"pxl-breadcrumb-wrap\">\r\n\t<ul class=\"pxl-breadcrumb\"><li><span class=\"breadcrumb-entry\">Home<\/span><\/li><\/ul><\/div>\t\t\t\t<\/div>\n\t\t\t\t<\/div>\n\t\t            <\/div>\r\n        <\/div>\r\n        \t\t\t<\/div>\n\t\t<\/section>\n\t\t        <section class=\"elementor-section elementor-top-section elementor-element elementor-element-831f272 elementor-section-boxed elementor-section-height-default elementor-section-height-default pxl-row-scroll-none pxl-zoom-point-false pxl-section-overflow-visible pxl-section-fix-none pxl-bg-color-none pxl-section-overlay-none\" data-id=\"831f272\" data-element_type=\"section\" data-e-type=\"section\">\n\n                \n                <div class=\"elementor-container elementor-column-gap-default \">\n                <div class=\"elementor-column elementor-col-100 elementor-top-column elementor-element elementor-element-55b4e09 pxl-column-none pxl-column-overflow-hidden-no\" data-id=\"55b4e09\" data-element_type=\"column\" data-e-type=\"column\">\r\n        <div class=\"elementor-widget-wrap elementor-element-populated\">\r\n                     \r\n        \t\t<div class=\"elementor-element elementor-element-aef5ec5 pxl-post-layout-portfolio-1 elementor-widget elementor-widget-pxl_post_grid\" data-id=\"aef5ec5\" data-element_type=\"widget\" data-e-type=\"widget\" data-widget_type=\"pxl_post_grid.default\">\n\t\t\t\t<div class=\"elementor-widget-container\">\n\t\t\t\t\t\r\n<div id=\"pxl_post_grid-aef5ec5-2379\" class=\"pxl-grid pxl-portfolio-grid pxl-portfolio-grid-layout1 pxl-portfolio-style-1\" data-start-page=\"1\" data-max-pages=\"1\" data-total=\"5\" data-perpage=\"6\" data-next-link=\"\" data-loadmore=\"{&quot;tax&quot;:[&quot;portfolio-category&quot;],&quot;post_type&quot;:&quot;portfolio&quot;,&quot;layout&quot;:&quot;portfolio-1&quot;,&quot;startPage&quot;:1,&quot;maxPages&quot;:1,&quot;total&quot;:5,&quot;filter&quot;:&quot;true&quot;,&quot;filter_type&quot;:&quot;normal&quot;,&quot;perpage&quot;:6,&quot;nextLink&quot;:&quot;&quot;,&quot;source&quot;:&quot;&quot;,&quot;orderby&quot;:&quot;date&quot;,&quot;order&quot;:&quot;asc&quot;,&quot;limit&quot;:6,&quot;post_ids&quot;:[],&quot;col_xl&quot;:4,&quot;col_lg&quot;:6,&quot;col_md&quot;:6,&quot;col_sm&quot;:6,&quot;col_xs&quot;:12,&quot;pagination_type&quot;:&quot;loadmore&quot;,&quot;show_category&quot;:&quot;true&quot;,&quot;show_button&quot;:&quot;true&quot;,&quot;img_size&quot;:&quot;&quot;,&quot;grid_masonry&quot;:&quot;&quot;,&quot;pxl_animate&quot;:&quot;wow PXLfadeInUp&quot;,&quot;show_excerpt&quot;:&quot;true&quot;,&quot;num_words&quot;:13}\">\r\n            <div class=\"pxl-grid-filter normal style-1\">\r\n            <div class=\"pxl--filter-inner\">\r\n                <span class=\"filter-item active\" data-filter=\"*\">\r\n                    <span class=\"filter-item--title\">\r\n                        All Case                    <\/span>\r\n                    <span class=\"filter-item--count\">\r\n                        5                    <\/span>\r\n                <\/span>\r\n                                                                            <span class=\"filter-item\" data-filter=\".business-consulting\">\r\n                        <span class=\"filter-item--title\">\r\n                            Business Consulting                        <\/span>\r\n                        <span class=\"filter-item--count\">\r\n                            1                        <\/span>\r\n                    <\/span>\r\n                                                                            <span class=\"filter-item\" data-filter=\".gestion-hospitaliere\">\r\n                        <span class=\"filter-item--title\">\r\n                            Gestion hospitali\u00e8re                        <\/span>\r\n                        <span class=\"filter-item--count\">\r\n                            1                        <\/span>\r\n                    <\/span>\r\n                                                                            <span class=\"filter-item\" data-filter=\".infrastructure-it\">\r\n                        <span class=\"filter-item--title\">\r\n                            Infrastructure IT                        <\/span>\r\n                        <span class=\"filter-item--count\">\r\n                            2                        <\/span>\r\n                    <\/span>\r\n                                                                            <span class=\"filter-item\" data-filter=\".transformation-digitale\">\r\n                        <span class=\"filter-item--title\">\r\n                            Transformation digitale                        <\/span>\r\n                        <span class=\"filter-item--count\">\r\n                            2                        <\/span>\r\n                    <\/span>\r\n                            <\/div>\r\n        <\/div>\r\n    \r\n    <div class=\"pxl-grid-inner pxl-grid-masonry row\" data-gutter=\"15\" data-limit=\"6\">\r\n                        <div class=\"pxl-grid-item col-xl-4 col-lg-6 col-md-6 col-sm-6 col-12 infrastructure-it\">\r\n                    <div class=\"pxl-post--inner wow PXLfadeInUp\" data-wow-duration=\"1.2s\">\r\n                                                <div class=\"pxl-post--featured\">\r\n                            <a href=\"https:\/\/tawfikelkahan.com\/optimizehealthsolutions\/portfolio\/it-solutions-future\/\"><img decoding=\"async\" class=\"\" src=\"https:\/\/tawfikelkahan.com\/optimizehealthsolutions\/wp-content\/uploads\/2025\/02\/pexels-pixabay-256381.jpg\" width=\"0\" height=\"0\" alt=\"pexels-pixabay-256381\" title=\"pexels-pixabay-256381\" \/><\/a>\r\n                            <div class=\"pxl-post--holder\">\r\n                                <div class=\"pxl-post--meta\">\r\n                                                                            <div class=\"pxl-post--category link-none\">\r\n                                            <a href=\"https:\/\/tawfikelkahan.com\/optimizehealthsolutions\/portfolio-category\/infrastructure-it\/\" rel=\"tag\">Infrastructure IT<\/a>                                        <\/div>\r\n                                                                        <h5 class=\"pxl-post--title\">IT Solutions Future<\/h5>\r\n                                <\/div>\r\n                                                                    <div class=\"pxl-post--content\">\r\n                                        Cloud computing revolutionizes IT by offering scalable resources over the internet. Businesses can&hellip;                                    <\/div>\r\n                                                                                                    <a class=\"pxl-post--readmore pxl-fl-middle\" href=\"https:\/\/tawfikelkahan.com\/optimizehealthsolutions\/portfolio\/it-solutions-future\/\">\r\n                                        <span>\r\n                                            Read More                                        <\/span>\r\n                                        <i class=\"flaticon-next\"><\/i>\r\n                                    <\/a>\r\n                                                            <\/div>\r\n                        <\/div>\r\n                    <\/div>\r\n                <\/div>\r\n                                        <div class=\"pxl-grid-item col-xl-4 col-lg-6 col-md-6 col-sm-6 col-12 business-consulting gestion-hospitaliere\">\r\n                    <div class=\"pxl-post--inner wow PXLfadeInUp\" data-wow-duration=\"1.2s\">\r\n                                                <div class=\"pxl-post--featured\">\r\n                            <a href=\"https:\/\/tawfikelkahan.com\/optimizehealthsolutions\/portfolio\/developpement-dune-plateforme-de-gestion-hospitaliere\/\"><img decoding=\"async\" class=\"\" src=\"https:\/\/tawfikelkahan.com\/optimizehealthsolutions\/wp-content\/uploads\/2025\/02\/pexels-sliceisop-2460434.jpg\" width=\"0\" height=\"0\" alt=\"pexels-sliceisop-2460434\" title=\"pexels-sliceisop-2460434\" \/><\/a>\r\n                            <div class=\"pxl-post--holder\">\r\n                                <div class=\"pxl-post--meta\">\r\n                                                                            <div class=\"pxl-post--category link-none\">\r\n                                            <a href=\"https:\/\/tawfikelkahan.com\/optimizehealthsolutions\/portfolio-category\/business-consulting\/\" rel=\"tag\">Business Consulting<\/a>, <a href=\"https:\/\/tawfikelkahan.com\/optimizehealthsolutions\/portfolio-category\/gestion-hospitaliere\/\" rel=\"tag\">Gestion hospitali\u00e8re<\/a>                                        <\/div>\r\n                                                                        <h5 class=\"pxl-post--title\">D\u00e9veloppement d\u2019une plateforme de gestion hospitali\u00e8re<\/h5>\r\n                                <\/div>\r\n                                                                    <div class=\"pxl-post--content\">\r\n                                        Une plateforme centralis\u00e9e a \u00e9t\u00e9 d\u00e9velopp\u00e9e pour faciliter la gestion des activit\u00e9s hospitali\u00e8res.&hellip;                                    <\/div>\r\n                                                                                                    <a class=\"pxl-post--readmore pxl-fl-middle\" href=\"https:\/\/tawfikelkahan.com\/optimizehealthsolutions\/portfolio\/developpement-dune-plateforme-de-gestion-hospitaliere\/\">\r\n                                        <span>\r\n                                            Read More                                        <\/span>\r\n                                        <i class=\"flaticon-next\"><\/i>\r\n                                    <\/a>\r\n                                                            <\/div>\r\n                        <\/div>\r\n                    <\/div>\r\n                <\/div>\r\n                                        <div class=\"pxl-grid-item col-xl-4 col-lg-6 col-md-6 col-sm-6 col-12 transformation-digitale\">\r\n                    <div class=\"pxl-post--inner wow PXLfadeInUp\" data-wow-duration=\"1.2s\">\r\n                                                <div class=\"pxl-post--featured\">\r\n                            <a href=\"https:\/\/tawfikelkahan.com\/optimizehealthsolutions\/portfolio\/modernisation-des-systemes-dun-centre-medical\/\"><img decoding=\"async\" class=\"\" src=\"https:\/\/tawfikelkahan.com\/optimizehealthsolutions\/wp-content\/uploads\/2025\/02\/woman-wearing-virtual-reality-simulator.jpg\" width=\"0\" height=\"0\" alt=\"woman-wearing-virtual-reality-simulator\" title=\"woman-wearing-virtual-reality-simulator\" \/><\/a>\r\n                            <div class=\"pxl-post--holder\">\r\n                                <div class=\"pxl-post--meta\">\r\n                                                                            <div class=\"pxl-post--category link-none\">\r\n                                            <a href=\"https:\/\/tawfikelkahan.com\/optimizehealthsolutions\/portfolio-category\/transformation-digitale\/\" rel=\"tag\">Transformation digitale<\/a>                                        <\/div>\r\n                                                                        <h5 class=\"pxl-post--title\">Modernisation des syst\u00e8mes d\u2019un centre m\u00e9dical<\/h5>\r\n                                <\/div>\r\n                                                                    <div class=\"pxl-post--content\">\r\n                                        Ce projet visait \u00e0 remplacer des syst\u00e8mes vieillissants par des solutions modernes et&hellip;                                    <\/div>\r\n                                                                                                    <a class=\"pxl-post--readmore pxl-fl-middle\" href=\"https:\/\/tawfikelkahan.com\/optimizehealthsolutions\/portfolio\/modernisation-des-systemes-dun-centre-medical\/\">\r\n                                        <span>\r\n                                            Read More                                        <\/span>\r\n                                        <i class=\"flaticon-next\"><\/i>\r\n                                    <\/a>\r\n                                                            <\/div>\r\n                        <\/div>\r\n                    <\/div>\r\n                <\/div>\r\n                                        <div class=\"pxl-grid-item col-xl-4 col-lg-6 col-md-6 col-sm-6 col-12 infrastructure-it\">\r\n                    <div class=\"pxl-post--inner wow PXLfadeInUp\" data-wow-duration=\"1.2s\">\r\n                                                <div class=\"pxl-post--featured\">\r\n                            <a href=\"https:\/\/tawfikelkahan.com\/optimizehealthsolutions\/portfolio\/optimisation-de-linfrastructure-it-dune-clinique\/\"><img loading=\"lazy\" decoding=\"async\" class=\"\" src=\"https:\/\/tawfikelkahan.com\/optimizehealthsolutions\/wp-content\/uploads\/2025\/02\/pexels-pixabay-159304.jpg\" width=\"0\" height=\"0\" alt=\"pexels-pixabay-159304\" title=\"pexels-pixabay-159304\" \/><\/a>\r\n                            <div class=\"pxl-post--holder\">\r\n                                <div class=\"pxl-post--meta\">\r\n                                                                            <div class=\"pxl-post--category link-none\">\r\n                                            <a href=\"https:\/\/tawfikelkahan.com\/optimizehealthsolutions\/portfolio-category\/infrastructure-it\/\" rel=\"tag\">Infrastructure IT<\/a>                                        <\/div>\r\n                                                                        <h5 class=\"pxl-post--title\">Optimisation de l\u2019infrastructure IT d\u2019une clinique<\/h5>\r\n                                <\/div>\r\n                                                                    <div class=\"pxl-post--content\">\r\n                                        La clinique rencontrait des limitations de performance li\u00e9es \u00e0 une infrastructure obsol\u00e8te. Une&hellip;                                    <\/div>\r\n                                                                                                    <a class=\"pxl-post--readmore pxl-fl-middle\" href=\"https:\/\/tawfikelkahan.com\/optimizehealthsolutions\/portfolio\/optimisation-de-linfrastructure-it-dune-clinique\/\">\r\n                                        <span>\r\n                                            Read More                                        <\/span>\r\n                                        <i class=\"flaticon-next\"><\/i>\r\n                                    <\/a>\r\n                                                            <\/div>\r\n                        <\/div>\r\n                    <\/div>\r\n                <\/div>\r\n                                            <div class=\"grid-sizer col-xl-4 col-lg-6 col-md-6 col-sm-6 col-12\"><\/div>\r\n\r\n    <\/div>\r\n        <\/div>\t\t\t\t<\/div>\n\t\t\t\t<\/div>\n\t\t            <\/div>\r\n        <\/div>\r\n        \t\t\t<\/div>\n\t\t<\/section>\n\t\t\t\t<\/div>\n\t\t","protected":false},"excerpt":{"rendered":"<p>Case Studies Style 1. Explore our IT services: innovative solutions, cutting-edge technology, and expert support to transform your business digitally. Home All Case 12 Business 2 Business Consulting 2 Corporate 2 IT Solutions 3 Marketing 2 Startup 1 Business, IT Solutions IT Solutions Future Cloud computing revolutionizes IT by offering scalable resources over the internet. [&hellip;]<\/p>\n","protected":false},"author":1,"featured_media":0,"parent":0,"menu_order":0,"comment_status":"closed","ping_status":"closed","template":"","meta":{"footnotes":""},"class_list":["post-2392","page","type-page","status-publish","hentry"],"_links":{"self":[{"href":"https:\/\/tawfikelkahan.com\/optimizehealthsolutions\/wp-json\/wp\/v2\/pages\/2392","targetHints":{"allow":["GET"]}}],"collection":[{"href":"https:\/\/tawfikelkahan.com\/optimizehealthsolutions\/wp-json\/wp\/v2\/pages"}],"about":[{"href":"https:\/\/tawfikelkahan.com\/optimizehealthsolutions\/wp-json\/wp\/v2\/types\/page"}],"author":[{"embeddable":true,"href":"https:\/\/tawfikelkahan.com\/optimizehealthsolutions\/wp-json\/wp\/v2\/users\/1"}],"replies":[{"embeddable":true,"href":"https:\/\/tawfikelkahan.com\/optimizehealthsolutions\/wp-json\/wp\/v2\/comments?post=2392"}],"version-history":[{"count":0,"href":"https:\/\/tawfikelkahan.com\/optimizehealthsolutions\/wp-json\/wp\/v2\/pages\/2392\/revisions"}],"wp:attachment":[{"href":"https:\/\/tawfikelkahan.com\/optimizehealthsolutions\/wp-json\/wp\/v2\/media?parent=2392"}],"curies":[{"name":"wp","href":"https:\/\/api.w.org\/{rel}","templated":true}]}}